{"id":24455,"date":"2021-02-04T13:59:29","date_gmt":"2021-02-04T13:59:29","guid":{"rendered":"https:\/\/abreuadvogados.com\/politica-de-privacidade\/"},"modified":"2021-11-04T17:40:24","modified_gmt":"2021-11-04T17:40:24","slug":"politica-de-privacidade","status":"publish","type":"page","link":"https:\/\/abreuadvogados.buzzvel.work\/fr\/politica-de-privacidade\/","title":{"rendered":"Politique de Confidentialit\u00e9"},"content":{"rendered":"<p><strong>1. Informations de base<\/strong><\/p>\n<p>&nbsp;<\/p>\n<table style=\"width: 1036px; height: 1191px;\" border=\"0\">\n<tbody>\n<tr style=\"height: 46px;\">\n<td style=\"width: 184px; height: 46px;\" width=\"113\"><strong>Responsable du traitement:<\/strong><\/td>\n<td style=\"width: 852px; height: 46px; vertical-align: bottom;\" colspan=\"2\" width=\"454\">Abreu &amp; Associados &#8211; Sociedade de Advogados, SP, RL (\u201cAbreu Advogados\u201d)<\/td>\n<\/tr>\n<tr style=\"height: 46px;\">\n<td style=\"width: 513px; height: 46px;\" colspan=\"2\" width=\"330\"><strong>Finalit\u00e9s:<\/strong><\/td>\n<td style=\"width: 523px; height: 46px;\" width=\"236\">&nbsp;<\/p>\n<p>Base l\u00e9gale:<\/p>\n<p>&nbsp;<\/td>\n<\/tr>\n<tr style=\"height: 82px;\">\n<td style=\"width: 184px; height: 893px;\" rowspan=\"9\" width=\"113\"><strong>\u00a0<\/strong><\/td>\n<td style=\"width: 329px; height: 120px;\" width=\"217\"><strong><strong>Envoi de communications commerciales relatives \u00e0 l\u2019activit\u00e9 du cabinet<br \/>\nAbreu Advogados<\/strong><\/strong><\/td>\n<td style=\"width: 523px; height: 120px;\" width=\"236\">&#8211; Int\u00e9r\u00eat l\u00e9gitime<br \/>\n&#8211; Consentement du titulaire des donn\u00e9es<\/td>\n<\/tr>\n<tr style=\"height: 128px;\">\n<td style=\"width: 329px; height: 128px;\" width=\"217\"><strong>R\u00e9pondre aux questions, demandes d\u2019explications ou r\u00e9clamations<\/strong><\/td>\n<td style=\"width: 523px; height: 128px;\" width=\"236\">&#8211; Int\u00e9r\u00eat l\u00e9gitime<br \/>\n&#8211; R\u00e9alisation des d\u00e9marches pr\u00e9contractuelles n\u00e9cessaires, \u00e0 la demande du titulaire des donn\u00e9es personnelles<\/td>\n<\/tr>\n<tr style=\"height: 82px;\">\n<td style=\"width: 329px; height: 82px;\" width=\"217\"><strong>Gestion d\u2019\u00e9v\u00e9nements organis\u00e9s ou co-organis\u00e9s par le cabinet Abreu Advogados<\/strong><\/td>\n<td style=\"width: 523px; height: 82px;\" width=\"236\">&#8211; Int\u00e9r\u00eat l\u00e9gitime<\/td>\n<\/tr>\n<tr style=\"height: 161px;\">\n<td style=\"width: 329px; height: 161px;\" width=\"217\"><strong>Recrutement<\/strong><\/td>\n<td style=\"width: 523px; height: 161px;\" width=\"236\">&nbsp;<\/p>\n<p>&#8211; R\u00e9alisation des d\u00e9marches pr\u00e9contractuelles n\u00e9cessaires, \u00e0 la demande du titulaire des donn\u00e9es personnelles<br \/>\n&#8211; Ex\u00e9cution d\u2019obligations l\u00e9gales<br \/>\n&#8211; Int\u00e9r\u00eat l\u00e9gitime<br \/>\n&#8211; Consentement<\/p>\n<p>&nbsp;<\/td>\n<\/tr>\n<tr style=\"height: 96px;\">\n<td style=\"width: 329px; height: 96px;\" width=\"217\"><strong>Prestation de services de conseil juridique<\/strong><\/td>\n<td style=\"width: 523px; height: 96px;\" width=\"236\">&#8211; Ex\u00e9cution contractuelle<br \/>\n&#8211; Int\u00e9r\u00eat l\u00e9gitime<\/td>\n<\/tr>\n<tr style=\"height: 64px;\">\n<td style=\"width: 329px; height: 64px;\" width=\"217\"><strong>Utilisation d\u2019un syst\u00e8me de vid\u00e9osurveillance<\/strong><\/td>\n<td style=\"width: 523px; height: 64px;\" width=\"236\">&#8211; Int\u00e9r\u00eat l\u00e9gitime<\/td>\n<\/tr>\n<tr style=\"height: 82px;\">\n<td style=\"width: 329px; height: 82px;\" width=\"217\"><strong>Ex\u00e9cution des diverses<br \/>\nobligations l\u00e9gales auxquelles est assujetti le cabinet<br \/>\nAbreu Advogados<\/strong><\/td>\n<td style=\"width: 523px; height: 82px;\" width=\"236\">&#8211; Ex\u00e9cution d\u2019obligations l\u00e9gales<\/td>\n<\/tr>\n<tr style=\"height: 78px;\">\n<td style=\"width: 329px; height: 78px;\" width=\"217\"><strong>Enregistrement et gestion<br \/>\nadministrative<\/strong><\/td>\n<td style=\"width: 523px; height: 78px;\" width=\"236\">&#8211; Ex\u00e9cution contractuelle<br \/>\n&#8211; Ex\u00e9cution d\u2019obligations l\u00e9gales<\/td>\n<\/tr>\n<tr style=\"height: 82px;\">\n<td style=\"width: 329px; height: 82px;\" width=\"217\">\u00a0<strong>Exercice ou d\u00e9fense des droits dans le cadre d\u2019une proc\u00e9dure <u>administrative<\/u>, judiciaire ou extrajudiciaire<\/strong><\/td>\n<td style=\"width: 523px; height: 82px;\" width=\"236\">&#8211; Int\u00e9r\u00eat l\u00e9gitime<\/td>\n<\/tr>\n<tr style=\"height: 78px;\">\n<td style=\"width: 184px; height: 78px;\" width=\"113\">&nbsp;<\/p>\n<p><strong>Destinataires des donn\u00e9es:<\/strong><\/p>\n<p>&nbsp;<\/td>\n<td style=\"width: 852px; height: 78px;\" colspan=\"2\" width=\"454\">&#8211; <em>Desks Internationaux\u00a0<\/em>faisant partie du cabinet Abreu Advogados<br \/>\n&#8211; Prestataires de services<\/td>\n<\/tr>\n<tr style=\"height: 82px;\">\n<td style=\"width: 184px; height: 82px;\" width=\"113\"><strong>Droits:<\/strong><\/td>\n<td style=\"width: 852px; height: 82px;\" colspan=\"2\" width=\"454\">Acc\u00e8s ; rectification ; suppression ; opposition ; restriction du traitement ; \u00a0portabilit\u00e9.<br \/>\nLorsque la base l\u00e9gale est le consentement, droit de le r\u00e9voquer \u00e0 tout moment.<br \/>\nPour exercer les droits, envoyer un e-mail \u00e0 <a href=\"mailto:info.dados@abreuadvogados.buzzvel.work\">info.dados@abreuadvogados.buzzvel.work<\/a><\/td>\n<\/tr>\n<tr style=\"height: 46px;\">\n<td style=\"width: 184px; height: 46px;\" width=\"113\"><strong>Informations suppl\u00e9mentaires:<\/strong><\/td>\n<td style=\"width: 852px; height: 46px;\" colspan=\"2\" width=\"454\">Consultez la section des informations suppl\u00e9mentaires et d\u00e9taill\u00e9es relatives \u00e0 la protection des donn\u00e9es.<\/td>\n<\/tr>\n<\/tbody>\n<\/table>\n<p>&nbsp;<\/p>\n<p><strong>2. <\/strong><strong>Informations suppl\u00e9mentaires<\/strong><\/p>\n<p>La protection de vos donn\u00e9es personnelles est importante pour le cabinet Abreu Advogados. Nous appliquons, au traitement de vos donn\u00e9es personnelles, les principes de l\u00e9galit\u00e9, loyaut\u00e9, transparence, restriction des finalit\u00e9s, minimisation des donn\u00e9es, exactitude, limite de la dur\u00e9e de conservation, int\u00e9grit\u00e9 et confidentialit\u00e9, responsabilit\u00e9, ainsi que de strict respect de la d\u00e9ontologie professionnelle.<\/p>\n<p>Par le biais de cette politique de confidentialit\u00e9, nous vous informons que vos donn\u00e9es personnelles seront trait\u00e9es selon les termes suivants:<\/p>\n<p><strong>\u00a0<\/strong><\/p>\n<p><strong>Qui est responsable du traitement de vos donn\u00e9es personnelles ?<\/strong><\/p>\n<p>Le responsable du traitement des donn\u00e9es personnelles est le cabinet Abreu &amp; Associados \u2013 Sociedade de Advogados SP RL (\u00ab\u00a0le cabinet Abreu Advogados\u00a0\u00bb).<\/p>\n<p><strong>\u00a0<\/strong><\/p>\n<p><strong>\u00a0<\/strong><\/p>\n<p><strong>Quelles sont les finalit\u00e9s et les bases l\u00e9gales du traitement de vos donn\u00e9es personnelles?<\/strong><\/p>\n<p>Nous proc\u00e8derons au traitement de vos donn\u00e9es personnelles avec les finalit\u00e9s et sur les bases l\u00e9gales respectives suivantes\u00a0:<\/p>\n<ul>\n<li>Pour l\u2019<u>envoi de communiqu\u00e9s commerciaux en rapport avec notre activit\u00e9,<\/u> nous traiterons vos donn\u00e9es personnelles sur la base l\u00e9gale de notre int\u00e9r\u00eat l\u00e9gitime \u00e0 vous maintenir inform\u00e9 de nos services, \u00e9v\u00e9nements et informations l\u00e9gales, ainsi que, le cas \u00e9ch\u00e9ant, votre consentement. Ce consentement pourra \u00eatre r\u00e9voqu\u00e9 \u00e0 tout moment, sans que cela ne rende cependant le traitement des donn\u00e9es personnelles r\u00e9alis\u00e9 sur la base de ce consentement jusqu\u2019\u00e0 la date de la r\u00e9vocation ill\u00e9gal. Lorsque n\u00e9cessaire, \u00e0 d\u00e9faut de consentement, aucun communiqu\u00e9 commercial en rapport avec notre activit\u00e9 ne vous sera envoy\u00e9.<\/li>\n<li>Pour\u00a0<u>r\u00e9pondre aux questions, demandes d\u2019explications ou r\u00e9clamations,<\/u>\u00a0nous traiterons vos donn\u00e9es personnelles, sur la base l\u00e9gale de notre int\u00e9r\u00eat l\u00e9gitime \u00e0 vous fournir un service personnalis\u00e9 et de qualit\u00e9, g\u00e9rer les r\u00e9clamations formul\u00e9es et, le cas \u00e9ch\u00e9ant, r\u00e9aliser les d\u00e9marches pr\u00e9contractuelles n\u00e9cessaires \u00e0 l\u2019ex\u00e9cution de votre demande.<\/li>\n<li>\u00c0 des fins de <u>gestion d\u2019\u00e9v\u00e9nements<\/u> organis\u00e9s ou co-organis\u00e9s par le cabinet\u00a0<u>Abreu Advogados,<\/u> nous proc\u00e8derons au traitement de vos donn\u00e9es personnelles, sur la base l\u00e9gale de notre int\u00e9r\u00eat l\u00e9gitime \u00e0 organiser des \u00e9v\u00e9nements en rapport avec notre activit\u00e9, \u00e0 caract\u00e8re juridico-scientifique ou culturel.<\/li>\n<li>\u00c0 des fins de <u>recrutement,<\/u> nous proc\u00e8derons au traitement de vos donn\u00e9es personnelles, sur la base l\u00e9gale de la r\u00e9alisation des d\u00e9marches pr\u00e9contractuelles n\u00e9cessaires \u00e0 votre demande ou \u00e0 l\u2019ex\u00e9cution d\u2019obligations l\u00e9gales, notre int\u00e9r\u00eat l\u00e9gitime \u00e0 analyser les candidatures envoy\u00e9es et, dans certains cas, votre consentement.<\/li>\n<li>\u00c0 des fins de <u>prestation de services de conseils juridiques,<\/u>\u00a0nous proc\u00e8derons au traitement de vos donn\u00e9es personnelles, sur la base l\u00e9gale de l\u2019ex\u00e9cution contractuelle et notre int\u00e9r\u00eat l\u00e9gitime \u00e0 vous fournir un service personnalis\u00e9, en fonction de vos besoins.<\/li>\n<li>Pour la finalit\u00e9 d\u2019<u>utilisation d\u2019un syst\u00e8me de vid\u00e9osurveillance<\/u>, nous proc\u00e8derons au traitement de vos donn\u00e9es personnelles, sur la base l\u00e9gale de notre int\u00e9r\u00eat l\u00e9gitime \u00e0 vouloir assurer la s\u00e9curit\u00e9 des biens et des personnes au sein de nos bureaux.<\/li>\n<li>En vue de l\u2019<u>ex\u00e9cution des diverses obligations l\u00e9gales auxquelles nous sommes soumis, <\/u>nous proc\u00e8derons au traitement de vos donn\u00e9es personnelles, sur la base l\u00e9gale de l\u2019ex\u00e9cution d\u2019obligations l\u00e9gales.<\/li>\n<li>\u00c0 des fins <u>d\u2019enregistrement et de gestion administrative,<\/u> nous proc\u00e8derons au traitement de vos donn\u00e9es personnelles, sur la base l\u00e9gale de l\u2019ex\u00e9cution contractuelle et d\u2019obligations l\u00e9gales.<\/li>\n<li>Pour l\u2019<u>exercice ou la d\u00e9fense de droits dans le cadre d\u2019une proc\u00e9dure administrative, judiciaire ou extrajudiciaire,<\/u>\u00a0nous proc\u00e8derons au traitement de vos donn\u00e9es personnelles, sur la base l\u00e9gale de notre int\u00e9r\u00eat l\u00e9gitime \u00e0 justifier l\u2019exercice des droits.<\/li>\n<\/ul>\n<p>&nbsp;<\/p>\n<p><strong>Quelles cat\u00e9gories de donn\u00e9es personnelles traitons-nous ?<\/strong><\/p>\n<p>Lorsque vous nous communiquez vos donn\u00e9es personnelles, par le biais de formulaires ou tout autre moyen de communication, en fonction de la finalit\u00e9 applicable, nous traiterons (liste non exhaustive)\u00a0:<\/p>\n<ul>\n<li>Les donn\u00e9es d\u2019identit\u00e9<em>, par exemple, nom, date de naissance, sexe, adresse, coordonn\u00e9es, carte \u00e9lectronique d\u2019identit\u00e9 portugaise, passeport, nationalit\u00e9;<\/em><\/li>\n<li><span style=\"font-family: var(--list--font-family); background-color: var(--global--color-background); color: var(--global--color-primary); font-size: var(--global--font-size-base);\">Donn\u00e9es relatives aux \u00e9tudes<\/span><em style=\"font-family: var(--list--font-family); background-color: var(--global--color-background); color: var(--global--color-primary); font-size: var(--global--font-size-base);\">, par exemple, comp\u00e9tences, certifications, langues, CV;<\/em><\/li>\n<li>Donn\u00e9es professionnelles et relatives \u00e0 l\u2019exp\u00e9rience<em>, par exemple, les fonctions exerc\u00e9es, leur description, les anciens employeurs, leurs adresses ;<\/em><\/li>\n<li>Donn\u00e9es relatives \u00e0 l\u2019activit\u00e9 professionnelle, <em>par exemple, activit\u00e9s commerciales, informations relatives aux processus, aux dossiers et aux d\u00e9marches.<\/em><\/li>\n<\/ul>\n<p><strong>\u00a0<\/strong><\/p>\n<p><strong>Combien de temps seront conserv\u00e9es vos donn\u00e9es personnelles ?<\/strong><\/p>\n<p>La dur\u00e9e de conservation de vos donn\u00e9es personnelles pourra varier en fonction de la finalit\u00e9 de leur traitement. Vos donn\u00e9es personnelles seront donc conserv\u00e9es pendant les dur\u00e9es suivantes\u00a0:<\/p>\n<ul>\n<li>Envoi de communiqu\u00e9s commerciaux\u00a0<u>en rapport avec notre activit\u00e9\u00a0:<\/u> jusqu\u2019\u00e0 ce que vous exerciez votre droit d\u2019opposition ou que vous r\u00e9voquiez votre consentement, selon les cas.<\/li>\n<li>R\u00e9ponses aux questions, demandes d\u2019explications ou r\u00e9clamations\u00a0: jusqu\u2019au moment o\u00f9 les donn\u00e9es personnelles ne sont plus n\u00e9cessaires \u00e0 l\u2019ex\u00e9cution de ces finalit\u00e9s.<\/li>\n<li>Gestion des \u00e9v\u00e9nements du cabinet Abreu Advogados : pendant la dur\u00e9e strictement n\u00e9cessaire \u00e0 l\u2019inscription, la r\u00e9alisation et l\u2019\u00e9valuation cons\u00e9quente de l\u2019\u00e9v\u00e9nement.<\/li>\n<li>Recrutement : pendant la dur\u00e9e n\u00e9cessaire \u00e0 la conclusion du processus de recrutement ou \u00e0 la r\u00e9vocation de votre consentement, selon les cas.<\/li>\n<li>Prestation de services de conseils juridiques : pendant toute la dur\u00e9e du conseil juridique et \u00e0 son terme, pendant une dur\u00e9e de 20 ans.<\/li>\n<li>Utilisation d\u2019un syst\u00e8me de vid\u00e9osurveillance : pendant une dur\u00e9e de 30 jours apr\u00e8s la collecte des images.<\/li>\n<li>Ex\u00e9cution des diverses obligations l\u00e9gales auxquelles nous sommes soumis\u00a0: pendant la dur\u00e9e n\u00e9cessaire \u00e0 l\u2019ex\u00e9cution des obligations l\u00e9gales applicables dans chaque cas.<\/li>\n<li>Enregistrement et gestion administrative\u00a0: pendant une dur\u00e9e de 10 ans.<\/li>\n<li>Exercice ou d\u00e9fense de droits, dans le cadre d\u2019une proc\u00e9dure administrative, judiciaire ou extrajudiciaire\u00a0: jusqu\u2019au prononc\u00e9 de la d\u00e9cision administrative, de l\u2019acquisition de force de chose jug\u00e9e de la d\u00e9cision en cause ou jusqu\u2019\u00e0 la date de la d\u00e9cision extrajudiciaire.<\/li>\n<\/ul>\n<p>Dans l\u2019\u00e9ventualit\u00e9 o\u00f9 les donn\u00e9es personnelles soient utilis\u00e9es \u00e0 des fins diverses nous obligeant \u00e0 les conserver pendant des dur\u00e9es diff\u00e9rentes, nous appliquerons la dur\u00e9e la plus longue.<\/p>\n<p>&nbsp;<\/p>\n<p>&nbsp;<\/p>\n<p><strong>\u00c0 quels destinataires transmettons-nous vos donn\u00e9es personnelles ?<\/strong><\/p>\n<p>&nbsp;<\/p>\n<p>Le cabinet Abreu Advogados ne transmettra pas vos donn\u00e9es personnelles \u00e0 des tiers, except\u00e9 dans le but d\u2019ex\u00e9cuter des obligations l\u00e9gales applicables au cas par cas ou si n\u00e9cessaire \u00e0 la prestation des services souscrits.<\/p>\n<p>Dans le cadre du projet d\u2019internationalisation du cabinet Abreu Advogados, de mani\u00e8re \u00e0 proposer \u00e0 nos clients des services juridiques int\u00e9gr\u00e9s, adapt\u00e9s \u00e0 leurs besoins strat\u00e9giques, dans des pays et sur des march\u00e9s lusophones, vos donn\u00e9es pourront \u00eatre transmises \u00e0 nos <em>Desks Internationaux<\/em>\u00a0situ\u00e9s dans des pays hors de l\u2019Espace \u00c9conomique Europ\u00e9en (\u00ab\u00a0EEE\u00a0\u00bb), dont la l\u00e9gislation relative \u00e0 la protection des donn\u00e9es pourra ne pas assurer une protection \u00e9quivalente \u00e0 celle accord\u00e9e au sein de l\u2019EEE.<\/p>\n<p>Dans ces cas, non seulement nous nous assurerons que vos donn\u00e9es personnelles seront toujours trait\u00e9es selon les dispositions de cette politique de confidentialit\u00e9, nous prendrons les mesures ad\u00e9quates afin que ces transmissions observent la l\u00e9gislation applicable. En ce sens, nous veillerons \u00e0 prot\u00e9ger votre confidentialit\u00e9, vos droits fondamentaux et vos libert\u00e9s, tel qu\u2019au sein de l\u2019EEE, notamment par le biais de l\u2019utilisation des clauses contractuelles-type adopt\u00e9es par la Commission Europ\u00e9enne. Vous pourrez obtenir une copie des sauvegardes en question, en envoyant votre demande \u00e0 info.dados@abreuadvogados.buzzvel.work.<\/p>\n<p>&nbsp;<\/p>\n<p>Le cabinet Abreu Advogados pourra engager des sous-traitants afin de fournir des services dans diff\u00e9rents domaines (par exemple, services de communications).<\/p>\n<p>&nbsp;<\/p>\n<p>En ce sens, le cabinet Abreu Advogados observe de rigoureux crit\u00e8res de s\u00e9lection des prestataires de services, afin de remplir ses obligations en mati\u00e8re de protection des donn\u00e9es, s\u2019engageant ainsi \u00e0 conclure avec ceux-ci un accord de traitement des donn\u00e9es qui pr\u00e9voit, entre autres, les obligations suivantes\u00a0: application de mesures techniques et organisationnelles ad\u00e9quates ; traitement des donn\u00e9es personnelles aux fins convenues et dans le strict respect des consignes du cabinet Abreu Advogados ; et suppression ou restitution des donn\u00e9es personnelles au cabinet, au terme des services.<\/p>\n<p>&nbsp;<\/p>\n<p><strong>Quels sont vos droits en tant que titulaire des donn\u00e9es personnelles ?<\/strong><\/p>\n<ul>\n<li><u>Acc\u00e8s<\/u> : Vous aurez le droit d\u2019\u00eatre inform\u00e9 si nous traitons vos donn\u00e9es personnelles, ainsi qu\u2019\u00e0 consulter vos donn\u00e9es enregistr\u00e9es dans les fichiers du cabinet.<\/li>\n<li><u>Rectification<\/u> : Vous pourrez corriger vos donn\u00e9es personnelles incorrectes et compl\u00e9ter celles incompl\u00e8tes.<\/li>\n<li><u style=\"font-family: var(--list--font-family); background-color: var(--global--color-background); color: var(--global--color-primary); font-size: var(--global--font-size-base);\">Suppression<\/u><span style=\"font-family: var(--list--font-family); background-color: var(--global--color-background); color: var(--global--color-primary); font-size: var(--global--font-size-base);\"> : Vous pourrez demander la suppression de vos donn\u00e9es personnelles lorsque, entre autres raisons, celles-ci ne sont plus n\u00e9cessaires aux finalit\u00e9s pour lesquelles elles auront \u00e9t\u00e9 collect\u00e9es.<\/span><\/li>\n<li><u>Opposition<\/u> : Dans certaines situations, vous pourrez vous opposer au traitement de vos donn\u00e9es personnelles. Le cabinet Abreu Advogados cessera le traitement des donn\u00e9es, except\u00e9 en cas de motifs l\u00e9gitimes ou en vue de la d\u00e9claration, l\u2019exercice ou la d\u00e9fense de droits, dans le cadre d\u2019une proc\u00e9dure administrative, judiciaire ou extrajudiciaire.<\/li>\n<li><u>Restriction du traitement<\/u> : Vous pourrez demander la limitation du traitement de vos donn\u00e9es personnelles dans les cas suivants : (a) pendant la contestation de l\u2019exactitude de vos donn\u00e9es personnelles ; (b) lorsque le traitement est ill\u00e9gal, que vous vous y \u00eates oppos\u00e9 et avez demand\u00e9 la restriction de l\u2019usage de vos donn\u00e9es personnelles ; (c) lorsque le traitement de vos donn\u00e9es personnelles n\u2019est plus n\u00e9cessaire au cabinet Abreu Advogados, mais qu\u2019il en a besoin pour l\u2019exercice ou la d\u00e9fense de droits, dans le cadre d\u2019une proc\u00e9dure administrative, judiciaire ou extrajudiciaire ; (d) lorsque vous vous \u00eates oppos\u00e9 au traitement de vos donn\u00e9es personnelles, en vue de l\u2019ex\u00e9cution d\u2019une obligation d\u2019int\u00e9r\u00eat public ou pour satisfaire un int\u00e9r\u00eat l\u00e9gitime, sous r\u00e9serve que ces motifs l\u00e9gitimes pr\u00e9valent sur vos raisons.<\/li>\n<li><u>Portabilit\u00e9<\/u> : Dans certaines situations, vous aurez le droit de recevoir, sous un format structur\u00e9, \u00e0 usage courant et lecture automatique, les donn\u00e9es personnelles inform\u00e9es et celles obtenues dans le cadre de votre relation avec le cabinet Abreu Advogados, ainsi qu\u2019\u00e0 les transmettre \u00e0 autrui.<\/li>\n<\/ul>\n<p>&nbsp;<\/p>\n<p>En cas de questions ou pour exercer vos droits, vous devrez envoyer un e-mail \u00e0\u00a0<a href=\"mailto:info.dados@abreuadvogados.buzzvel.work\">info.dados@abreuadvogados.buzzvel.work<\/a>. Si n\u00e9cessaire, une copie de votre carte \u00e9lectronique d\u2019identit\u00e9 portugaise ou toute autre pi\u00e8ce d\u2019identit\u00e9 devra \u00eatre jointe \u00e0 votre demande d\u2019exercice de vos droits, en pr\u00e9cisant lequel. L\u2019exercice des droits est gratuit, except\u00e9 s\u2019il s\u2019agit d\u2019une demande manifestement infond\u00e9e, excessive ou r\u00e9it\u00e9r\u00e9e.<\/p>\n<p>Si vous estimez que le cabinet Abreu Advogados n\u2019a pas trait\u00e9 vos donn\u00e9es personnelles conform\u00e9ment \u00e0 la l\u00e9gislation applicable, vous pourrez d\u00e9poser une r\u00e9clamation aupr\u00e8s de l\u2019autorit\u00e9 de surveillance comp\u00e9tente, par le biais du site\u00a0<a href=\"http:\/\/www.cnpd.pt\">www.cnpd.pt<\/a>.<\/p>\n<p>&nbsp;<\/p>\n<p><strong>\u00a0<\/strong><\/p>\n<p><strong>Donn\u00e9es du responsable du traitement :<\/strong><\/p>\n<p>Identit\u00e9 : Abreu &amp; Associados \u2013 Sociedade de advogados SP RL<\/p>\n<p>Num\u00e9ro d\u2019identification fiscale : 503 009 482<\/p>\n<p>Si\u00e8ge social : Av. Infante D. Henrique, n\u00ba 26, 1149-096 Lisbonne<\/p>\n<p>E-mail :\u00a0<a href=\"mailto:info.dados@abreuadvogados.buzzvel.work\">info.dados@abreuadvogados.buzzvel.work<\/a><\/p>\n<p>T\u00e9l\u00e9phone : (+351) 21 723 18 00<\/p>\n<p>Inscription \u00e0 l\u2019Ordre des Avocats n\u00ba 28\/93<\/p>\n<p><u>Coordonn\u00e9es du d\u00e9l\u00e9gu\u00e9 \u00e0 la protection des donn\u00e9es :<\/u><\/p>\n<p>E-mail :\u00a0<a href=\"mailto:info.dados@abreuadvogados.buzzvel.work\">info.dados@abreuadvogados.buzzvel.work<\/a><\/p>\n<p>Adresse : Av. Infante D. Henrique, 26 \u2013 1149-096 Lisbonne, Portugal<\/p>\n<p><strong>\u00a0<\/strong><\/p>\n<p><strong>\u00a0<\/strong><\/p>\n<p><strong>Mise \u00e0 jour de la politique de confidentialit\u00e9<\/strong><\/p>\n<p>La derni\u00e8re mise \u00e0 jour de cette politique de confidentialit\u00e9 date du 29 mai 2019, conform\u00e9ment au R\u00e8glement G\u00e9n\u00e9ral de Protection des Donn\u00e9es (\u00ab\u00a0RGPD\u00a0\u00bb) et toute autre l\u00e9gislation applicable.<\/p>\n","protected":false},"excerpt":{"rendered":"<p>1. Informations de base &nbsp; Responsable du traitement: Abreu &amp; Associados &#8211; Sociedade de Advogados, SP, RL (\u201cAbreu Advogados\u201d) Finalit\u00e9s: &nbsp; Base l\u00e9gale: &nbsp; \u00a0 Envoi de communications commerciales relatives \u00e0 l\u2019activit\u00e9 du cabinet Abreu Advogados &#8211; Int\u00e9r\u00eat l\u00e9gitime &#8211; Consentement du titulaire des donn\u00e9es R\u00e9pondre aux questions, demandes d\u2019explications ou r\u00e9clamations &#8211; Int\u00e9r\u00eat l\u00e9gitime [&hellip;]<\/p>\n","protected":false},"author":16,"featured_media":0,"parent":48634,"menu_order":2,"comment_status":"closed","ping_status":"closed","template":"templates\/template-recursos.php","meta":{"_acf_changed":false,"inline_featured_image":false,"footnotes":""},"class_list":["post-24455","page","type-page","status-publish","hentry"],"acf":[],"aioseo_notices":[],"publishpress_future_action":{"enabled":false,"date":"2026-04-23 06:02:17","action":"change-status","newStatus":"draft","terms":[],"taxonomy":"translation_priority","extraData":[]},"publishpress_future_workflow_manual_trigger":{"enabledWorkflows":[]},"_links":{"self":[{"href":"https:\/\/abreuadvogados.buzzvel.work\/fr\/wp-json\/wp\/v2\/pages\/24455","targetHints":{"allow":["GET"]}}],"collection":[{"href":"https:\/\/abreuadvogados.buzzvel.work\/fr\/wp-json\/wp\/v2\/pages"}],"about":[{"href":"https:\/\/abreuadvogados.buzzvel.work\/fr\/wp-json\/wp\/v2\/types\/page"}],"author":[{"embeddable":true,"href":"https:\/\/abreuadvogados.buzzvel.work\/fr\/wp-json\/wp\/v2\/users\/16"}],"replies":[{"embeddable":true,"href":"https:\/\/abreuadvogados.buzzvel.work\/fr\/wp-json\/wp\/v2\/comments?post=24455"}],"version-history":[{"count":4,"href":"https:\/\/abreuadvogados.buzzvel.work\/fr\/wp-json\/wp\/v2\/pages\/24455\/revisions"}],"predecessor-version":[{"id":25359,"href":"https:\/\/abreuadvogados.buzzvel.work\/fr\/wp-json\/wp\/v2\/pages\/24455\/revisions\/25359"}],"up":[{"embeddable":true,"href":"https:\/\/abreuadvogados.buzzvel.work\/fr\/wp-json\/wp\/v2\/pages\/48634"}],"wp:attachment":[{"href":"https:\/\/abreuadvogados.buzzvel.work\/fr\/wp-json\/wp\/v2\/media?parent=24455"}],"curies":[{"name":"wp","href":"https:\/\/api.w.org\/{rel}","templated":true}]}}